{"id":213,"date":"2015-06-13T23:55:59","date_gmt":"2015-06-14T03:55:59","guid":{"rendered":"http:\/\/rusee-de-jersey.ca\/?page_id=213"},"modified":"2018-04-07T15:28:37","modified_gmt":"2018-04-07T19:28:37","slug":"2015-2016","status":"publish","type":"page","link":"https:\/\/test.rusee-de-jersey.ca\/?page_id=213","title":{"rendered":"Chroniques 2015-2018"},"content":{"rendered":"<p>Le grand jour est arriv\u00e9.<\/p>\n<p><a href=\"http:\/\/rusee-de-jersey.ca\/?p=2813\" target=\"_blank\" rel=\"noopener noreferrer\">15 juin 2015. Mise \u00e0 l&rsquo;eau et d\u00e9part<\/a><\/p>\n<p><a href=\"http:\/\/rusee-de-jersey.ca\/?p=2874\" target=\"_blank\" rel=\"noopener noreferrer\">21 juin 2015. Voil\u00e0, c&rsquo;est parti!<\/a><\/p>\n<p><a href=\"http:\/\/rusee-de-jersey.ca\/?p=3005\">12 juillet 2015. Second d\u00e9part vers Flores<\/a><\/p>\n<p><a href=\"http:\/\/rusee-de-jersey.ca\/?p=3026\" target=\"_blank\" rel=\"noopener noreferrer\">19 juillet 2015. Yves en mer 1<\/a><\/p>\n<p><a href=\"http:\/\/rusee-de-jersey.ca\/?p=3026\" target=\"_blank\" rel=\"noopener noreferrer\">19 juillet 2015. Des nouvelles d&rsquo;Yves en mer<\/a><\/p>\n<p><a href=\"http:\/\/rusee-de-jersey.ca\/?p=3032\" target=\"_blank\" rel=\"noopener noreferrer\">20 juillet 2015. Jogging along<\/a><\/p>\n<p><a href=\"http:\/\/rusee-de-jersey.ca\/?p=3042\" target=\"_blank\" rel=\"noopener noreferrer\">21 juillet 2015. Day 6 and the Wx tantrum is over<\/a><\/p>\n<p><a href=\"http:\/\/rusee-de-jersey.ca\/?p=3047\" target=\"_blank\" rel=\"noopener noreferrer\">22 juillet 2015. Precious<\/a><\/p>\n<p><a href=\"http:\/\/rusee-de-jersey.ca\/?p=3051\" target=\"_blank\" rel=\"noopener noreferrer\">23 juillet 2015. Nouvelles de Yves en mer (2)<\/a><\/p>\n<p><a href=\"http:\/\/rusee-de-jersey.ca\/?p=3055\" target=\"_blank\" rel=\"noopener noreferrer\">23 juillet 2015. Rien \u00e0 d\u00e9clarer<\/a><\/p>\n<p><a href=\"http:\/\/rusee-de-jersey.ca\/?p=3067\" target=\"_blank\" rel=\"noopener noreferrer\">24 juillet 2015. Day 9<\/a><\/p>\n<p><a href=\"http:\/\/rusee-de-jersey.ca\/?p=3070\" target=\"_blank\" rel=\"noopener noreferrer\">24 juillet 2015. Day 10, where is Flores?<\/a><\/p>\n<p><a href=\"http:\/\/rusee-de-jersey.ca\/?p=3074\" target=\"_blank\" rel=\"noopener noreferrer\">25 juillet 2015. The eagle has landed<\/a><\/p>\n<p><a href=\"http:\/\/rusee-de-jersey.ca\/?p=3083\" target=\"_blank\" rel=\"noopener noreferrer\">26 juillet 2015. Yves en mer 3<\/a><\/p>\n<p><a href=\"http:\/\/rusee-de-jersey.ca\/?p=3088\" target=\"_blank\" rel=\"noopener noreferrer\">26 juillet 2015. The eagle has landed (b)<\/a><\/p>\n<p><a href=\"http:\/\/rusee-de-jersey.ca\/?p=3098\" target=\"_blank\" rel=\"noopener noreferrer\">3 septembre 2015. Volteface<\/a><\/p>\n<p><a href=\"http:\/\/rusee-de-jersey.ca\/?p=3127\" target=\"_blank\" rel=\"noopener noreferrer\">14 septembre 2015.\u00a0Le Sagres &#8211; trois mats \u00e9cole<\/a><\/p>\n<p><a href=\"http:\/\/rusee-de-jersey.ca\/?p=3156\" target=\"_blank\" rel=\"noopener noreferrer\">3 novembre 2015. Aventures aux Canaries<\/a><\/p>\n<p><a href=\"http:\/\/rusee-de-jersey.ca\/?p=3218\" target=\"_blank\" rel=\"noopener noreferrer\">3 d\u00e9cembre 2015. Sal Affaire<\/a><\/p>\n<p><a href=\"http:\/\/rusee-de-jersey.ca\/?p=3231\" target=\"_blank\" rel=\"noopener noreferrer\">D\u00e9cembre 2015, du Cap Vert, cap sur la Barbade<\/a><\/p>\n<p><a href=\"http:\/\/rusee-de-jersey.ca\/?p=3246\" target=\"_blank\" rel=\"noopener noreferrer\">Disque dur (a parte)<\/a><\/p>\n<p><a href=\"http:\/\/rusee-de-jersey.ca\/?p=3250\" target=\"_blank\" rel=\"noopener noreferrer\">13 mars 2016, Photos dans les \u00celes Vierges<\/a><\/p>\n<p><a href=\"http:\/\/rusee-de-jersey.ca\/?p=3389\" target=\"_blank\" rel=\"noopener noreferrer\">27 mars 2016, Mahi-Mahi Sashimi<\/a><\/p>\n<p><a href=\"http:\/\/rusee-de-jersey.ca\/?p=3392\" target=\"_blank\" rel=\"noopener noreferrer\">28 avril 2016, Un peu d&rsquo;humour \u00e0 la Marie-Galante<\/a><\/p>\n<p><a href=\"http:\/\/rusee-de-jersey.ca\/?p=3437\" target=\"_blank\" rel=\"noopener noreferrer\">D\u00e9cembre 2016, Grenades<\/a><\/p>\n<p><a href=\"http:\/\/rusee-de-jersey.ca\/?p=3507\" target=\"_blank\" rel=\"noopener noreferrer\">Janvier 2017, USVI et BVI<\/a><\/p>\n<p><a href=\"http:\/\/rusee-de-jersey.ca\/?p=3535\" target=\"_blank\" rel=\"noopener\">15 d\u00e9cembre 2017, Retour sur Rus\u00e9e de Jersey<\/a><\/p>\n<p><a href=\"http:\/\/rusee-de-jersey.ca\/?p=3537\" target=\"_blank\" rel=\"noopener\">Avril 2018, Vid\u00e9os<\/a><\/p>\n<p>&nbsp;<\/p>\n","protected":false},"excerpt":{"rendered":"<p>Le grand jour est arriv\u00e9. 15 juin 2015. Mise \u00e0 l&rsquo;eau et d\u00e9part 21 juin 2015. Voil\u00e0, c&rsquo;est parti! 12 juillet 2015. Second d\u00e9part vers Flores 19 juillet 2015. Yves en mer 1 19 juillet 2015. Des nouvelles d&rsquo;Yves en &hellip;<\/p>\n<p class=\"read-more\"> <a class=\"more-link\" href=\"https:\/\/test.rusee-de-jersey.ca\/?page_id=213\"> <span class=\"screen-reader-text\">Chroniques 2015-2018<\/span> Read More &raquo;<\/a><\/p>\n","protected":false},"author":1,"featured_media":0,"parent":0,"menu_order":1,"comment_status":"open","ping_status":"open","template":"","meta":{"jetpack_post_was_ever_published":false,"footnotes":""},"class_list":["post-213","page","type-page","status-publish","hentry"],"jetpack_sharing_enabled":true,"jetpack_shortlink":"https:\/\/wp.me\/P27NSH-3r","_links":{"self":[{"href":"https:\/\/test.rusee-de-jersey.ca\/index.php?rest_route=\/wp\/v2\/pages\/213","targetHints":{"allow":["GET"]}}],"collection":[{"href":"https:\/\/test.rusee-de-jersey.ca\/index.php?rest_route=\/wp\/v2\/pages"}],"about":[{"href":"https:\/\/test.rusee-de-jersey.ca\/index.php?rest_route=\/wp\/v2\/types\/page"}],"author":[{"embeddable":true,"href":"https:\/\/test.rusee-de-jersey.ca\/index.php?rest_route=\/wp\/v2\/users\/1"}],"replies":[{"embeddable":true,"href":"https:\/\/test.rusee-de-jersey.ca\/index.php?rest_route=%2Fwp%2Fv2%2Fcomments&post=213"}],"version-history":[{"count":38,"href":"https:\/\/test.rusee-de-jersey.ca\/index.php?rest_route=\/wp\/v2\/pages\/213\/revisions"}],"predecessor-version":[{"id":3698,"href":"https:\/\/test.rusee-de-jersey.ca\/index.php?rest_route=\/wp\/v2\/pages\/213\/revisions\/3698"}],"wp:attachment":[{"href":"https:\/\/test.rusee-de-jersey.ca\/index.php?rest_route=%2Fwp%2Fv2%2Fmedia&parent=213"}],"curies":[{"name":"wp","href":"https:\/\/api.w.org\/{rel}","templated":true}]}}