{"id":22,"date":"2015-05-13T20:12:31","date_gmt":"2015-05-13T19:12:31","guid":{"rendered":"http:\/\/rusee-de-jersey.ca\/?page_id=22"},"modified":"2020-05-25T16:05:21","modified_gmt":"2020-05-25T20:05:21","slug":"accueil","status":"publish","type":"page","link":"https:\/\/test.rusee-de-jersey.ca\/","title":{"rendered":"Accueil"},"content":{"rendered":"\n\t\t<!-- MasterSlider -->\n\t\t<div id=\"P_MS55789e54638f5\" class=\"master-slider-parent msl ms-parent-id-39\" style=\"max-width:1000px;\"  >\n\t\t\t\t\n\t\t\t\n\t\t\t<!-- MasterSlider Main -->\n\t\t\t<div id=\"MS55789e54638f5\" class=\"master-slider ms-skin-default\" >\n\t\t\t\t \t\t\t\t \n\t\t\t\t<div  class=\"ms-slide\" data-delay=\"3\" data-fill-mode=\"fill\"  >\n\t\t\t\t\t<img decoding=\"async\" src=\"https:\/\/i0.wp.com\/rusee-de-jersey.ca\/wp-content\/plugins\/master-slider\/public\/assets\/css\/blank.gif?w=605\" alt=\"\" title=\"\" data-src=\"http:\/\/rusee-de-jersey.ca\/wp-content\/uploads\/2015\/05\/IMG_0124.jpg\" data-recalc-dims=\"1\" \/>\n\n\n\t<div class=\"ms-thumb\" ><div class=\"ms-tab-context\"><div class=&quot;ms-tab-context&quot;><\/div><\/div>\n<\/div>\n\t\t\t\t<\/div>\n\t\t\t\t<div  class=\"ms-slide\" data-delay=\"3\" data-fill-mode=\"fill\"  >\n\t\t\t\t\t<img decoding=\"async\" src=\"https:\/\/i0.wp.com\/rusee-de-jersey.ca\/wp-content\/plugins\/master-slider\/public\/assets\/css\/blank.gif?w=605\" alt=\"\" title=\"\" data-src=\"http:\/\/rusee-de-jersey.ca\/wp-content\/uploads\/2015\/06\/Corona-Bill.jpg\" data-recalc-dims=\"1\" \/>\n\n\n\t<div class=\"ms-thumb\" ><div class=\"ms-tab-context\"><div class=&quot;ms-tab-context&quot;><\/div><\/div>\n<\/div>\n\t\t\t\t<\/div>\n\t\t\t\t<div  class=\"ms-slide\" data-delay=\"3\" data-fill-mode=\"fill\"  >\n\t\t\t\t\t<img decoding=\"async\" src=\"https:\/\/i0.wp.com\/rusee-de-jersey.ca\/wp-content\/plugins\/master-slider\/public\/assets\/css\/blank.gif?w=605\" alt=\"\" title=\"\" data-src=\"http:\/\/rusee-de-jersey.ca\/wp-content\/uploads\/2015\/06\/IMGA0697.jpg\" data-recalc-dims=\"1\" \/>\n\n\n\t<div class=\"ms-thumb\" ><div class=\"ms-tab-context\"><div class=&quot;ms-tab-context&quot;><\/div><\/div>\n<\/div>\n\t\t\t\t<\/div>\n\t\t\t\t<div  class=\"ms-slide\" data-delay=\"3\" data-fill-mode=\"fill\"  >\n\t\t\t\t\t<img decoding=\"async\" src=\"https:\/\/i0.wp.com\/rusee-de-jersey.ca\/wp-content\/plugins\/master-slider\/public\/assets\/css\/blank.gif?w=605\" alt=\"\" title=\"\" data-src=\"http:\/\/rusee-de-jersey.ca\/wp-content\/uploads\/2015\/06\/IMGA0717.jpg\" data-recalc-dims=\"1\" \/>\n\n\n\t<div class=\"ms-thumb\" ><div class=\"ms-tab-context\"><div class=&quot;ms-tab-context&quot;><\/div><\/div>\n<\/div>\n\t\t\t\t<\/div>\n\t\t\t\t<div  class=\"ms-slide\" data-delay=\"3\" data-fill-mode=\"fill\"  >\n\t\t\t\t\t<img decoding=\"async\" src=\"https:\/\/i0.wp.com\/rusee-de-jersey.ca\/wp-content\/plugins\/master-slider\/public\/assets\/css\/blank.gif?w=605\" alt=\"\" title=\"\" data-src=\"http:\/\/rusee-de-jersey.ca\/wp-content\/uploads\/2015\/06\/IMGA0190.jpg\" data-recalc-dims=\"1\" \/>\n\n\n\t<div class=\"ms-thumb\" ><div class=\"ms-tab-context\"><div class=&quot;ms-tab-context&quot;><\/div><\/div>\n<\/div>\n\t\t\t\t<\/div>\n\t\t\t\t<div  class=\"ms-slide\" data-delay=\"3\" data-fill-mode=\"fill\"  >\n\t\t\t\t\t<img decoding=\"async\" src=\"https:\/\/i0.wp.com\/rusee-de-jersey.ca\/wp-content\/plugins\/master-slider\/public\/assets\/css\/blank.gif?w=605\" alt=\"\" title=\"\" data-src=\"http:\/\/rusee-de-jersey.ca\/wp-content\/uploads\/2015\/06\/photo.jpg\" data-recalc-dims=\"1\" \/>\n\n\n\t<div class=\"ms-thumb\" ><div class=\"ms-tab-context\"><div class=&quot;ms-tab-context&quot;><\/div><\/div>\n<\/div>\n\t\t\t\t<\/div>\n\t\t\t\t<div  class=\"ms-slide\" data-delay=\"3\" data-fill-mode=\"fill\"  >\n\t\t\t\t\t<img decoding=\"async\" src=\"https:\/\/i0.wp.com\/rusee-de-jersey.ca\/wp-content\/plugins\/master-slider\/public\/assets\/css\/blank.gif?w=605\" alt=\"\" title=\"\" data-src=\"http:\/\/rusee-de-jersey.ca\/wp-content\/uploads\/2015\/06\/IMG_1352.jpg\" data-recalc-dims=\"1\" \/>\n\n\n\t<div class=\"ms-thumb\" ><div class=\"ms-tab-context\"><div class=&quot;ms-tab-context&quot;><\/div><\/div>\n<\/div>\n\t\t\t\t<\/div>\n\t\t\t\t<div  class=\"ms-slide\" data-delay=\"3\" data-fill-mode=\"fill\"  >\n\t\t\t\t\t<img decoding=\"async\" src=\"https:\/\/i0.wp.com\/rusee-de-jersey.ca\/wp-content\/plugins\/master-slider\/public\/assets\/css\/blank.gif?w=605\" alt=\"\" title=\"\" data-src=\"http:\/\/rusee-de-jersey.ca\/wp-content\/uploads\/2015\/06\/Le-jour-du-d\u00e9part0031.jpg\" data-recalc-dims=\"1\" \/>\n\n\n\t<div class=\"ms-thumb\" ><div class=\"ms-tab-context\"><div class=&quot;ms-tab-context&quot;><\/div><\/div>\n<\/div>\n\t\t\t\t<\/div>\n\t\t\t\t<div  class=\"ms-slide\" data-delay=\"3\" data-fill-mode=\"fill\"  >\n\t\t\t\t\t<img decoding=\"async\" src=\"https:\/\/i0.wp.com\/rusee-de-jersey.ca\/wp-content\/plugins\/master-slider\/public\/assets\/css\/blank.gif?w=605\" alt=\"\" title=\"\" data-src=\"http:\/\/rusee-de-jersey.ca\/wp-content\/uploads\/2015\/06\/DSC08136.jpg\" data-recalc-dims=\"1\" \/>\n\n\n\t<div class=\"ms-thumb\" ><div class=\"ms-tab-context\"><div class=&quot;ms-tab-context&quot;><\/div><\/div>\n<\/div>\n\t\t\t\t<\/div>\n\t\t\t\t<div  class=\"ms-slide\" data-delay=\"3\" data-fill-mode=\"fill\"  >\n\t\t\t\t\t<img decoding=\"async\" src=\"https:\/\/i0.wp.com\/rusee-de-jersey.ca\/wp-content\/plugins\/master-slider\/public\/assets\/css\/blank.gif?w=605\" alt=\"\" title=\"\" data-src=\"http:\/\/rusee-de-jersey.ca\/wp-content\/uploads\/2015\/06\/IMG_3868.jpg\" data-recalc-dims=\"1\" \/>\n\n\n\t<div class=\"ms-thumb\" ><div class=\"ms-tab-context\"><div class=&quot;ms-tab-context&quot;><\/div><\/div>\n<\/div>\n\t\t\t\t<\/div>\n\t\t\t\t<div  class=\"ms-slide\" data-delay=\"3\" data-fill-mode=\"fill\"  >\n\t\t\t\t\t<img decoding=\"async\" src=\"https:\/\/i0.wp.com\/rusee-de-jersey.ca\/wp-content\/plugins\/master-slider\/public\/assets\/css\/blank.gif?w=605\" alt=\"\" title=\"\" data-src=\"http:\/\/rusee-de-jersey.ca\/wp-content\/uploads\/2015\/06\/SANY00041.jpg\" data-recalc-dims=\"1\" \/>\n\n\n\t<div class=\"ms-thumb\" ><div class=\"ms-tab-context\"><div class=&quot;ms-tab-context&quot;><\/div><\/div>\n<\/div>\n\t\t\t\t<\/div>\n\t\t\t\t<div  class=\"ms-slide\" data-delay=\"3\" data-fill-mode=\"fill\"  >\n\t\t\t\t\t<img decoding=\"async\" src=\"https:\/\/i0.wp.com\/rusee-de-jersey.ca\/wp-content\/plugins\/master-slider\/public\/assets\/css\/blank.gif?w=605\" alt=\"\" title=\"\" data-src=\"http:\/\/rusee-de-jersey.ca\/wp-content\/uploads\/2015\/06\/IMG_3943.jpg\" data-recalc-dims=\"1\" \/>\n\n\n\t<div class=\"ms-thumb\" ><div class=\"ms-tab-context\"><div class=&quot;ms-tab-context&quot;><\/div><\/div>\n<\/div>\n\t\t\t\t<\/div>\n\n\t\t\t<\/div>\n\t\t\t<!-- END MasterSlider Main -->\n\n\t\t\t \n\t\t<\/div>\n\t\t<!-- END MasterSlider --> \n\t\t\n\t\t<script>\n\t\t(function ( $ ) {\n\t\t\t\"use strict\";\n\n\t\t\t$(function () {\n\t\t\t\tvar masterslider_38f5 = new MasterSlider();\n\n\t\t\t\t\/\/ slider controls\n                    \n\n\t\t\t\t\/\/ slider setup\n\t\t\t\tmasterslider_38f5.setup(\"MS55789e54638f5\", {\n\t\t\t\t\t\twidth           : 1000,\n\t\t\t\t\t\theight          : 500,\n\t\t\t\t\t\tminHeight       : 0,\n\t\t\t\t\t\tspace           : 0,\n\t\t\t\t\t\tstart           : 1,\n\t\t\t\t\t\tgrabCursor      : true,\n\t\t\t\t\t\tswipe           : true,\n\t\t\t\t\t\tmouse           : true,\n\t\t\t\t\t\tlayout          : \"boxed\", \n\t\t\t\t\t\twheel           : false,\n\t\t\t\t\t\tautoplay        : true,\n\t\t\t\t\t\tinstantStartLayers:false,\n\t\t\t\t\t\tloop            : true,\n\t\t\t\t\t\tshuffle         : false,\n\t\t\t\t\t\tpreload         : 0,\n\t\t\t\t\t\theightLimit     : true,\n\t\t\t\t\t\tautoHeight      : false,\n\t\t\t\t\t\tsmoothHeight    : true,\n\t\t\t\t\t\tendPause        : false,\n\t\t\t\t\t\toverPause       : true,\n\t\t\t\t\t\tfillMode        : \"fill\", \n\t\t\t\t\t\tcenterControls  : true,\n\t\t\t\t\t\tstartOnAppear   : false,\n\t\t\t\t\t\tlayersMode      : \"center\", \n\t\t\t\t\t\thideLayers      : false, \n\t\t\t\t\t\tfullscreenMargin: 0,\n\t\t\t\t\t\tspeed           : 20, \n\t\t\t\t\t\tdir             : \"h\", \n\t\t\t\t\t\tparallaxMode    : 'swipe',\n\t\t\t\t\t\tview            : \"basic\"\n\t\t\t\t});\n\n\t\t\t\t\n\t\t\t\twindow.masterslider_instances = window.masterslider_instances || [];\n\t\t\t\twindow.masterslider_instances.push( masterslider_38f5 );\n\t\t\t });\n\t\t\t\n\t\t})(jQuery);\n\t\t<\/script> \n\t\t\n\n<h3>Bienvenue sur le site <strong><em>Rus\u00e9e-de-Jersey<\/em><\/strong> 2015.<\/h3>\n<p>Ce site se divise en trois \u00e9l\u00e9ments selon le voyage concern\u00e9. Vous pouvez utiliser les liens <span style=\"text-decoration: underline;\"><span style=\"color: #0000ff; text-decoration: underline;\">en bleu<\/span><\/span> ci-dessous ou bien les onglets sur la barre de menu \u00e0 la droite de <span style=\"text-decoration: underline; color: #ff0000;\"><em><strong>Accueil<\/strong><\/em><\/span>\u00a0ci-dessus.<\/p>\n<p>Ainsi, l&rsquo;onglet <a href=\"http:\/\/rusee-de-jersey.ca\/?page_id=67\">Voyage 2009-2011<\/a> pr\u00e9sente le contenu qui avait \u00e9t\u00e9 pr\u00e9par\u00e9 avec iWeb lors du voyage 2009 \u00e0 2011.<\/p>\n<p>Et l&rsquo;onglet <a href=\"http:\/\/rusee-de-jersey.ca\/?page_id=69\">Carnet 2011-2013<\/a> regroupe tous les articles qui ont \u00e9t\u00e9 publi\u00e9s et toutes\u00a0les photos de 2011 \u00e0 2013.<\/p>\n<p>Puis, l&rsquo;onglet <a href=\"http:\/\/rusee-de-jersey.ca\/?page_id=213\">Chroniques 2015-2018<\/a> pr\u00e9sente les chroniques du voyage qui a commenc\u00e9\u00a0vers le 15 juin 2015.<\/p>\n","protected":false},"excerpt":{"rendered":"<p>Bienvenue sur le site Rus\u00e9e-de-Jersey 2015. Ce site se divise en trois \u00e9l\u00e9ments selon le voyage concern\u00e9. Vous pouvez utiliser les liens en bleu ci-dessous ou bien les onglets sur la barre de menu \u00e0 la droite de Accueil\u00a0ci-dessus. Ainsi, &hellip;<\/p>\n<p class=\"read-more\"> <a class=\"more-link\" href=\"https:\/\/test.rusee-de-jersey.ca\/\"> <span class=\"screen-reader-text\">Accueil<\/span> Read More &raquo;<\/a><\/p>\n","protected":false},"author":1,"featured_media":0,"parent":0,"menu_order":0,"comment_status":"open","ping_status":"open","template":"","meta":{"jetpack_post_was_ever_published":false,"footnotes":""},"class_list":["post-22","page","type-page","status-publish","hentry"],"jetpack_sharing_enabled":true,"jetpack_shortlink":"https:\/\/wp.me\/P27NSH-m","_links":{"self":[{"href":"https:\/\/test.rusee-de-jersey.ca\/index.php?rest_route=\/wp\/v2\/pages\/22","targetHints":{"allow":["GET"]}}],"collection":[{"href":"https:\/\/test.rusee-de-jersey.ca\/index.php?rest_route=\/wp\/v2\/pages"}],"about":[{"href":"https:\/\/test.rusee-de-jersey.ca\/index.php?rest_route=\/wp\/v2\/types\/page"}],"author":[{"embeddable":true,"href":"https:\/\/test.rusee-de-jersey.ca\/index.php?rest_route=\/wp\/v2\/users\/1"}],"replies":[{"embeddable":true,"href":"https:\/\/test.rusee-de-jersey.ca\/index.php?rest_route=%2Fwp%2Fv2%2Fcomments&post=22"}],"version-history":[{"count":27,"href":"https:\/\/test.rusee-de-jersey.ca\/index.php?rest_route=\/wp\/v2\/pages\/22\/revisions"}],"predecessor-version":[{"id":3540,"href":"https:\/\/test.rusee-de-jersey.ca\/index.php?rest_route=\/wp\/v2\/pages\/22\/revisions\/3540"}],"wp:attachment":[{"href":"https:\/\/test.rusee-de-jersey.ca\/index.php?rest_route=%2Fwp%2Fv2%2Fmedia&parent=22"}],"curies":[{"name":"wp","href":"https:\/\/api.w.org\/{rel}","templated":true}]}}