{"id":67,"date":"2015-05-14T13:49:17","date_gmt":"2015-05-14T17:49:17","guid":{"rendered":"http:\/\/rusee-de-jersey.ca\/?page_id=67"},"modified":"2019-04-22T11:03:28","modified_gmt":"2019-04-22T15:03:28","slug":"voyage-2009-2011","status":"publish","type":"page","link":"https:\/\/test.rusee-de-jersey.ca\/?page_id=67","title":{"rendered":"Voyage 2009-2011"},"content":{"rendered":"<p>Utilisez le lien ci-dessous pour acc\u00e9der au Carnet de voyage 2009-2011.<\/p>\n<p><a href=\"http:\/\/rusee-de-jersey.ca\/voyage2009-2011\" target=\"_blank\" rel=\"noopener noreferrer\">Le carnet de voyage 2009-2011<\/a><\/p>\n<p>Et le lien vers le <a href=\"http:\/\/rusee-de-jersey.ca\/?p=75\">Carnet n\u00ba 14 de Dominique<\/a> qui manque dans le lien ci-dessus.<\/p>\n<p>\u00c9tant donn\u00e9 que le lien vers la Galerie d&rsquo;Apple a \u00e9t\u00e9 coup\u00e9, je regroupe les 2 349 photos du voyage 2009-2011 dans plusieurs\u00a0articles o\u00f9 ces photos seront disponibles par bloc selon les endroits visit\u00e9s.<\/p>\n<p>Voci la liste des articles :<\/p>\n<p><a href=\"http:\/\/rusee-de-jersey.ca\/?p=207\" target=\"_blank\" rel=\"noopener noreferrer\">Photos 4 septembre 2009<\/a><\/p>\n<p><a href=\"http:\/\/rusee-de-jersey.ca\/?p=255\" target=\"_blank\" rel=\"noopener noreferrer\">Photos 5 septembre 2009<\/a><\/p>\n<p><a href=\"http:\/\/rusee-de-jersey.ca\/?p=325\" target=\"_blank\" rel=\"noopener noreferrer\">Photos 26 septembre 2009<\/a><\/p>\n<p><a href=\"http:\/\/rusee-de-jersey.ca\/?p=328\">Photos 9 octobre 2009<\/a><\/p>\n<p><a href=\"http:\/\/rusee-de-jersey.ca\/?p=411\">Photos 15 octobre 2009<\/a><\/p>\n<p><a href=\"http:\/\/rusee-de-jersey.ca\/?p=394\">Photos 22 novembre 2009<\/a><\/p>\n<p><a href=\"http:\/\/rusee-de-jersey.ca\/?p=419\">Photos 3 d\u00e9cembre 2009<\/a><\/p>\n<p><a href=\"http:\/\/rusee-de-jersey.ca\/?p=432\">Photos 14 d\u00e9cembre 2009<\/a><\/p>\n<p><a href=\"http:\/\/rusee-de-jersey.ca\/?p=489\">Photos 5 janvier 2010<\/a><\/p>\n<p><a href=\"http:\/\/rusee-de-jersey.ca\/?p=510\">Photos 22 janvier 2010<\/a><\/p>\n<p><a href=\"http:\/\/rusee-de-jersey.ca\/?p=521\">Photos 14 mars 2010<\/a><\/p>\n<p><a href=\"http:\/\/rusee-de-jersey.ca\/?p=694\">Photos 20 mars 2010<\/a><\/p>\n<p><a href=\"http:\/\/rusee-de-jersey.ca\/?p=706\">Photos 27 mars 2010<\/a><\/p>\n<p><a href=\"http:\/\/rusee-de-jersey.ca\/?p=723\">Photos 2 avril 2010<\/a><\/p>\n<p><a href=\"http:\/\/rusee-de-jersey.ca\/?p=819\">Photos 21 avril 2010<\/a><\/p>\n<p><a href=\"http:\/\/rusee-de-jersey.ca\/?p=995\">Photos 4 juillet 2010<\/a><\/p>\n<p><a href=\"http:\/\/rusee-de-jersey.ca\/?p=1105\">Photos 7 juillet 2010<\/a><\/p>\n<p><a href=\"http:\/\/rusee-de-jersey.ca\/?p=1169\">Photos 9 juillet 2010<\/a><\/p>\n<p><a href=\"http:\/\/rusee-de-jersey.ca\/?p=1181\">Photos 13 juillet 2010<\/a><\/p>\n<p><a href=\"http:\/\/rusee-de-jersey.ca\/?p=1264\">Photos 26 juillet 2010<\/a><\/p>\n<p><a href=\"http:\/\/rusee-de-jersey.ca\/?p=1376\">Photos 2 ao\u00fbt 2010<\/a><\/p>\n<p><a href=\"http:\/\/rusee-de-jersey.ca\/?p=1423\">Photos 14 ao\u00fbt 2010<\/a><\/p>\n<p><a href=\"http:\/\/rusee-de-jersey.ca\/?p=1461\">Photos 20 ao\u00fbt 2010<\/a><\/p>\n<p><a href=\"http:\/\/rusee-de-jersey.ca\/?p=1666\">Photos 2 novembre 2010<\/a><\/p>\n<p><a href=\"http:\/\/rusee-de-jersey.ca\/?p=1983\">Photos 2 f\u00e9vrier 2011<\/a><\/p>\n<p><a href=\"http:\/\/rusee-de-jersey.ca\/?p=2024\">Photos 3 f\u00e9vrier 2011<\/a><\/p>\n<p><a href=\"http:\/\/rusee-de-jersey.ca\/?p=2063\">Photos 4 f\u00e9vrier 2011<\/a><\/p>\n<p><a href=\"http:\/\/rusee-de-jersey.ca\/?p=2202\">Photos 6 f\u00e9vrier 2011<br \/>\n<\/a><\/p>\n<p><a href=\"http:\/\/rusee-de-jersey.ca\/?p=2225\">Photos 18 f\u00e9vrier 2011<\/a><\/p>\n<p><a href=\"http:\/\/rusee-de-jersey.ca\/?p=2245\">Photos 19 f\u00e9vrier 2011<\/a><\/p>\n<p><a href=\"http:\/\/rusee-de-jersey.ca\/?p=2290\">Photos 25 f\u00e9vrier 2011<\/a><\/p>\n<p><a href=\"http:\/\/rusee-de-jersey.ca\/?p=2309\">Photos 15 mars 2011<\/a><\/p>\n<p><a href=\"http:\/\/rusee-de-jersey.ca\/?p=2341\">Photos 17 mars 2011<\/a><\/p>\n<p><a href=\"http:\/\/rusee-de-jersey.ca\/?p=2380\">Photos 1 avril 2011<\/a><\/p>\n<p><a href=\"http:\/\/rusee-de-jersey.ca\/?p=2417\">Photos 15 avril 2011<\/a><\/p>\n<p><a href=\"http:\/\/rusee-de-jersey.ca\/?p=2607\">Photos 20 avril 2011<\/a><\/p>\n<p><a href=\"http:\/\/rusee-de-jersey.ca\/?p=2730\">Photos 27 mai 2011<\/a><\/p>\n<p>Et voil\u00e0, c&rsquo;\u00e9tait le dernier groupe de photos rapport\u00e9es du voyage 2009-2011.<\/p>\n<p>Nous esp\u00e9rons qu&rsquo;elles vous ont plu et que vous continuerez \u00e0 suivre nos prochains voyages.<\/p>\n<h3><\/h3>\n","protected":false},"excerpt":{"rendered":"<p>Utilisez le lien ci-dessous pour acc\u00e9der au Carnet de voyage 2009-2011. Le carnet de voyage 2009-2011 Et le lien vers le Carnet n\u00ba 14 de Dominique qui manque dans le lien ci-dessus. \u00c9tant donn\u00e9 que le lien vers la Galerie &hellip;<\/p>\n<p class=\"read-more\"> <a class=\"more-link\" href=\"https:\/\/test.rusee-de-jersey.ca\/?page_id=67\"> <span class=\"screen-reader-text\">Voyage 2009-2011<\/span> Read More &raquo;<\/a><\/p>\n","protected":false},"author":1,"featured_media":0,"parent":0,"menu_order":3,"comment_status":"open","ping_status":"open","template":"","meta":{"jetpack_post_was_ever_published":false,"footnotes":""},"class_list":["post-67","page","type-page","status-publish","hentry"],"jetpack_sharing_enabled":true,"jetpack_shortlink":"https:\/\/wp.me\/P27NSH-15","_links":{"self":[{"href":"https:\/\/test.rusee-de-jersey.ca\/index.php?rest_route=\/wp\/v2\/pages\/67","targetHints":{"allow":["GET"]}}],"collection":[{"href":"https:\/\/test.rusee-de-jersey.ca\/index.php?rest_route=\/wp\/v2\/pages"}],"about":[{"href":"https:\/\/test.rusee-de-jersey.ca\/index.php?rest_route=\/wp\/v2\/types\/page"}],"author":[{"embeddable":true,"href":"https:\/\/test.rusee-de-jersey.ca\/index.php?rest_route=\/wp\/v2\/users\/1"}],"replies":[{"embeddable":true,"href":"https:\/\/test.rusee-de-jersey.ca\/index.php?rest_route=%2Fwp%2Fv2%2Fcomments&post=67"}],"version-history":[{"count":90,"href":"https:\/\/test.rusee-de-jersey.ca\/index.php?rest_route=\/wp\/v2\/pages\/67\/revisions"}],"predecessor-version":[{"id":3575,"href":"https:\/\/test.rusee-de-jersey.ca\/index.php?rest_route=\/wp\/v2\/pages\/67\/revisions\/3575"}],"wp:attachment":[{"href":"https:\/\/test.rusee-de-jersey.ca\/index.php?rest_route=%2Fwp%2Fv2%2Fmedia&parent=67"}],"curies":[{"name":"wp","href":"https:\/\/api.w.org\/{rel}","templated":true}]}}